{"id":399,"date":"2025-06-03T20:56:35","date_gmt":"2025-06-03T20:56:35","guid":{"rendered":"https:\/\/www.jnszvfa.hu\/?page_id=399"},"modified":"2025-06-03T20:56:35","modified_gmt":"2025-06-03T20:56:35","slug":"2024-2","status":"publish","type":"page","link":"https:\/\/www.jnszvfa.hu\/?page_id=399","title":{"rendered":"2024"},"content":{"rendered":"\n<p><a href=\"https:\/\/www.jnszvfa.hu\/wp-content\/uploads\/2025\/06\/VFA_Egyszerusitett_eves_beszamolo_2024dec31.pdf\" data-type=\"link\" data-id=\"https:\/\/www.jnszvfa.hu\/wp-content\/uploads\/2025\/06\/VFA_Egyszerusitett_eves_beszamolo_2024dec31.pdf\">2024 \u00e9vi egyszer\u0171s\u00edtett besz\u00e1mol\u00f3<\/a><\/p>\n\n\n\n<p><a href=\"https:\/\/www.jnszvfa.hu\/wp-content\/uploads\/2025\/06\/VFA_Kiegeszito_melleklet_2024dec31_eves_beszamolohoz.pdf\" data-type=\"link\" data-id=\"https:\/\/www.jnszvfa.hu\/wp-content\/uploads\/2025\/06\/VFA_Kiegeszito_melleklet_2024dec31_eves_beszamolohoz.pdf\">2024 \u00e9vi kieg\u00e9sz\u00edt\u0151 mell\u00e9klet<\/a><\/p>\n\n\n\n<p><a href=\"https:\/\/www.jnszvfa.hu\/wp-content\/uploads\/2025\/06\/VFA_Beszamolo_2024_eves_tevekenysegrol.pdf\" data-type=\"link\" data-id=\"https:\/\/www.jnszvfa.hu\/wp-content\/uploads\/2025\/06\/VFA_Beszamolo_2024_eves_tevekenysegrol.pdf\">2024 \u00e9vi besz\u00e1mol\u00f3<\/a><\/p>\n\n\n\n\n","protected":false},"excerpt":{"rendered":"<p>2024 \u00e9vi egyszer\u0171s\u00edtett besz\u00e1mol\u00f3 2024 \u00e9vi kieg\u00e9sz\u00edt\u0151 mell\u00e9klet 2024 \u00e9vi besz\u00e1mol\u00f3<\/p>\n","protected":false},"author":1,"featured_media":0,"parent":21,"menu_order":16,"comment_status":"closed","ping_status":"closed","template":"","meta":{"footnotes":""},"class_list":["post-399","page","type-page","status-publish","hentry"],"_links":{"self":[{"href":"https:\/\/www.jnszvfa.hu\/index.php?rest_route=\/wp\/v2\/pages\/399","targetHints":{"allow":["GET"]}}],"collection":[{"href":"https:\/\/www.jnszvfa.hu\/index.php?rest_route=\/wp\/v2\/pages"}],"about":[{"href":"https:\/\/www.jnszvfa.hu\/index.php?rest_route=\/wp\/v2\/types\/page"}],"author":[{"embeddable":true,"href":"https:\/\/www.jnszvfa.hu\/index.php?rest_route=\/wp\/v2\/users\/1"}],"replies":[{"embeddable":true,"href":"https:\/\/www.jnszvfa.hu\/index.php?rest_route=%2Fwp%2Fv2%2Fcomments&post=399"}],"version-history":[{"count":3,"href":"https:\/\/www.jnszvfa.hu\/index.php?rest_route=\/wp\/v2\/pages\/399\/revisions"}],"predecessor-version":[{"id":406,"href":"https:\/\/www.jnszvfa.hu\/index.php?rest_route=\/wp\/v2\/pages\/399\/revisions\/406"}],"up":[{"embeddable":true,"href":"https:\/\/www.jnszvfa.hu\/index.php?rest_route=\/wp\/v2\/pages\/21"}],"wp:attachment":[{"href":"https:\/\/www.jnszvfa.hu\/index.php?rest_route=%2Fwp%2Fv2%2Fmedia&parent=399"}],"curies":[{"name":"wp","href":"https:\/\/api.w.org\/{rel}","templated":true}]}}