{"id":391,"date":"2024-06-06T11:33:36","date_gmt":"2024-06-06T11:33:36","guid":{"rendered":"https:\/\/www.jnszvfa.hu\/?page_id=391"},"modified":"2024-06-06T11:33:37","modified_gmt":"2024-06-06T11:33:37","slug":"2023-2","status":"publish","type":"page","link":"https:\/\/www.jnszvfa.hu\/?page_id=391","title":{"rendered":"2023"},"content":{"rendered":"\n<p><a href=\"https:\/\/www.jnszvfa.hu\/wp-content\/uploads\/2024\/06\/2023_evi_egyszerusitett_eves_beszamolo.pdf\" target=\"_blank\" rel=\"noopener\">2023 \u00e9vi egyszer\u0171s\u00edtett besz\u00e1mol\u00f3<\/a><\/p>\n<p><a href=\"https:\/\/www.jnszvfa.hu\/wp-content\/uploads\/2024\/06\/2023_evi_kiegeszito_melleklet.pdf\" target=\"_blank\" rel=\"noopener\">2023 \u00e9vi kieg\u00e9sz\u00edt\u0151 mell\u00e9klet<\/a><\/p>\n<p><a href=\"https:\/\/www.jnszvfa.hu\/wp-content\/uploads\/2024\/06\/2023_evi_beszamolo.pdf\" target=\"_blank\" rel=\"noopener\">2023 \u00e9vi besz\u00e1mol\u00f3<\/a><\/p>\n","protected":false},"excerpt":{"rendered":"<p>2023 \u00e9vi egyszer\u0171s\u00edtett besz\u00e1mol\u00f3 2023 \u00e9vi kieg\u00e9sz\u00edt\u0151 mell\u00e9klet 2023 \u00e9vi besz\u00e1mol\u00f3<\/p>\n","protected":false},"author":1,"featured_media":0,"parent":21,"menu_order":15,"comment_status":"closed","ping_status":"closed","template":"","meta":{"footnotes":""},"class_list":["post-391","page","type-page","status-publish","hentry"],"_links":{"self":[{"href":"https:\/\/www.jnszvfa.hu\/index.php?rest_route=\/wp\/v2\/pages\/391","targetHints":{"allow":["GET"]}}],"collection":[{"href":"https:\/\/www.jnszvfa.hu\/index.php?rest_route=\/wp\/v2\/pages"}],"about":[{"href":"https:\/\/www.jnszvfa.hu\/index.php?rest_route=\/wp\/v2\/types\/page"}],"author":[{"embeddable":true,"href":"https:\/\/www.jnszvfa.hu\/index.php?rest_route=\/wp\/v2\/users\/1"}],"replies":[{"embeddable":true,"href":"https:\/\/www.jnszvfa.hu\/index.php?rest_route=%2Fwp%2Fv2%2Fcomments&post=391"}],"version-history":[{"count":3,"href":"https:\/\/www.jnszvfa.hu\/index.php?rest_route=\/wp\/v2\/pages\/391\/revisions"}],"predecessor-version":[{"id":397,"href":"https:\/\/www.jnszvfa.hu\/index.php?rest_route=\/wp\/v2\/pages\/391\/revisions\/397"}],"up":[{"embeddable":true,"href":"https:\/\/www.jnszvfa.hu\/index.php?rest_route=\/wp\/v2\/pages\/21"}],"wp:attachment":[{"href":"https:\/\/www.jnszvfa.hu\/index.php?rest_route=%2Fwp%2Fv2%2Fmedia&parent=391"}],"curies":[{"name":"wp","href":"https:\/\/api.w.org\/{rel}","templated":true}]}}