{"id":35,"date":"2016-07-13T11:01:05","date_gmt":"2016-07-13T11:01:05","guid":{"rendered":"http:\/\/phproject.hu\/?page_id=35"},"modified":"2016-07-16T15:12:45","modified_gmt":"2016-07-16T15:12:45","slug":"halozati-tagok","status":"publish","type":"page","link":"https:\/\/www.jnszvfa.hu\/?page_id=35","title":{"rendered":"H\u00e1l\u00f3zati tagok"},"content":{"rendered":"<hr \/>\n<p style=\"text-align: center;\"><strong>A Helyi V\u00e1llalkoz\u00f3i K\u00f6zpontok H\u00e1l\u00f3zataHelyi V\u00e1llalkoz\u00f3i K\u00f6zpontok<\/strong><\/p>\n<p><strong>Magyar V\u00e1llalkoz\u00e1sfejleszt\u00e9si Alap\u00edtv\u00e1ny<br \/>\n<\/strong> C\u00edm: 1115 Budapest, Bart\u00f3k B\u00e9la \u00fat 105-113 Tel: 481-4600 Fax: 481-4601 Honlap: http:\/\/www.mva.hu E-mail: info@mva.hu<\/p>\n<p><strong>Alap\u00edtv\u00e1ny a Vid\u00e9k Kis &#8211; \u00e9s K\u00f6z\u00e9pv\u00e1llalkoz\u00e1sainak Fejleszt\u00e9s\u00e9\u00e9rt<\/strong> (Baranya megye)<br \/>\nC\u00edm: 7600 P\u00e9cs, Fels\u00f5malom u. 13. Tel: 72\/214-050, 311-685 Fax: 72\/210-849 E-mail: bmvk@axelero.hu<\/p>\n<p><strong>B\u00e1cs &#8211; Kiskun megyei V\u00e1llalkoz\u00e1sfejleszt\u00e9si Alap\u00edtv\u00e1ny<br \/>\n<\/strong> C\u00edm: 6000 Kecskem\u00e9t, V\u00f6r\u00f6smarty u. 12. Tel\/fax: 76\/485-505, 485-504 Honlap: http:\/\/www.bacs-lea.hu\/ E-mail: info@bacs-lea.hu<\/p>\n<p><strong>B\u00e9k\u00e9s Megy\u00e9\u00e9rt V\u00e1llalkoz\u00e1sfejleszt\u00e9si K\u00f6zhaszn\u00fa K\u00f6zalap\u00edtv\u00e1ny<br \/>\n<\/strong>C\u00edm: 5600 B\u00e9k\u00e9scsaba, \u00c1rp\u00e1d sor 18. Tel\/fax: 66\/442-520 Honlap: http:\/\/www.bmva.hu\/ E-mail: info@bmva.hu<\/p>\n<p><strong>Budapesti V\u00e1llalkoz\u00e1sfejleszt\u00e9si K\u00f6zalap\u00edtv\u00e1ny<br \/>\n<\/strong>1072 Budapest R\u00e1k\u00f3czi \u00fat 18. Postac\u00edm: 1364 Budapest Pf. 118. Tel: 269-68-69 Fax:268-18-00 Honlap: http:\/\/www.bvk.hu<\/p>\n<p><strong>D\u00e9l-Borsodi Region\u00e1lis V\u00e1llalkoz\u00e1sfejleszt\u00e9si Alap\u00edtv\u00e1ny<\/strong> (Borsod-Aba\u00faj-Zempl\u00e9n megye)<br \/>\nC\u00edm: 3400 Mez\u00f5k\u00f6vesd, M\u00e1ty\u00e1s kir\u00e1ly \u00fat 193. Tel\/fax: 49\/413-632 E-mail: delb@axelero.hu<\/p>\n<p><strong>Progress V\u00e1llalkoz\u00e1sfejleszt\u00f5 Alap\u00edtv\u00e1ny<\/strong> (Csongr\u00e1d megye)<br \/>\nC\u00edm: 6722 Szeged, Tisza L. krt. 63. 6701 Szeged Pf.: 118 Tel\/fax: 62\/483-683 Honlap: http:\/\/www.lea-szeged.hu E-mail: info@lea-szeged.hu<\/p>\n<p><strong>Sz\u00e9kesfeh\u00e9rv\u00e1ri Region\u00e1lis V\u00e1llalkoz\u00e1sfejleszt\u00e9si Alap\u00edtv\u00e1ny<\/strong> (Fej\u00e9r megye)<br \/>\nC\u00edm: 8000 Sz\u00e9kesfeh\u00e9rv\u00e1r, Budai \u00fat 9-11. Tel: 22\/518-010 Fax: 22\/518-013, 518-021 Honlap: http:\/\/www.fejer-hvk.hu\/ E-mail: ftoth@fejer-hvk.hu<\/p>\n<p>K<strong>isalf\u00f6ldi V\u00e1llalkoz\u00e1sfejleszt\u00e9si Alap\u00edtv\u00e1ny<\/strong> (Gy\u00f5r &#8211; Moson &#8211; Sopron megye)<br \/>\nC\u00edm: 9022 Gy\u00f5r, Czuczor Gergely u. 30. Tel: 96\/316-188, 511-120 Fax: 96\/511-121 Honlap: http:\/\/www.kva.hu\/ E-mail: info@kva.hu<\/p>\n<p><strong>Hajd\u00fa &#8211; Bihar Megyei V\u00e1llalkoz\u00e1sfejleszt\u00e9si Alap\u00edtv\u00e1ny<br \/>\n<\/strong>C\u00edm: 4029 Debrecen, Csap\u00f3 u. 26. Tel\/fax: 52\/500-330, 500-340 Honlap: http:\/\/www.hbmvk.hu E-mail: info@hbmvk.hu<\/p>\n<p><strong>Heves Megyei V\u00e1llalkoz\u00e1s- \u00e9s Ter\u00fcletfejleszt\u00e9si Alap\u00edtv\u00e1ny<br \/>\n<\/strong>C\u00edm: 3300 Eger, Pet\u00f5fi S\u00e1ndor \u00fat 19. Tel: 36\/410-724 Fax: 36\/413-265 Honlap: http:\/\/www.hmvk.hu E-mail: info@hmvk.hu<\/p>\n<p><strong>Kom\u00e1rom &#8211; Esztergom Megyei Region\u00e1lis V\u00e1llalkoz\u00e1sfejleszt\u00e9si Alap\u00edtv\u00e1ny V\u00e1llalkoz\u00f3i K\u00f6zpont<br \/>\n<\/strong>C\u00edm: 2800 Tatab\u00e1nya, F\u00f5 t\u00e9r 4. Tel\/fax: 34\/311-662 Honlap: http:\/\/www.kem-hvk.hu E-mail: info@kem-hvk.hu<\/p>\n<p><strong>N\u00f3gr\u00e1d Megyei Region\u00e1lis V\u00e1llalkoz\u00e1sfejleszt\u00e9si Alap\u00edtv\u00e1ny<br \/>\n<\/strong>C\u00edm: 3100 Salg\u00f3tarj\u00e1n, M\u00e1rt\u00edrok \u00fat 1. Tel: 32\/520 300 Fax: 32\/520 304 Honlap: http:\/\/www.nmrva.hu E-mail: nmva@hu.inter.net<\/p>\n<p><strong>Pest megyei V\u00e1llalkoz\u00e1sfejleszt\u00e9si Alap\u00edtv\u00e1ny<br \/>\n<\/strong>C\u00edm: 2100 G\u00f6d\u00f6ll\u00f5, Tessedik S\u00e1muel \u00fat 6. 2100 G\u00f6d\u00f6ll\u00f5, Pf.: 108 Tel: 28\/521-110 Fax: 28\/521-119 Honlap: http:\/\/www.pmva.hu E-mail: titkarsag@pmva.hu<\/p>\n<p><strong>Somogy Megyei V\u00e1llalkoz\u00f3i K\u00f6zpont K\u00f6zalap\u00edtv\u00e1ny<br \/>\n<\/strong>C\u00edm: 7400 Kaposv\u00e1r, Ondvez\u00e9r u. 1. 7401 Kaposv\u00e1r Pf.: 223 Tel: 82\/527-790 Fax:82\/527-799 Honlap: http:\/\/ www.somogy-hvk.hu E-mail: info@somogy-hvk.hu<\/p>\n<p><strong>\u201ePRIMOM\u201d Szabolcs &#8211; Szatm\u00e1r &#8211; Bereg megyei V\u00e1llalkoz\u00e1s-\u00e9l\u00e9nk\u00edt\u00f5 Alap\u00edtv\u00e1ny<br \/>\n<\/strong>C\u00edm: 4400 Ny\u00edregyh\u00e1za, V\u00e1ci Mih\u00e1ly u. 41. Tel: 06-42\/502-121, 06-42\/502-109 Fax: 42\/502-103 E-mail: primomvk@nyirinku.hu<\/p>\n<p><strong>Tolna Megyei V\u00e1llalkoz\u00e1sfejleszt\u00e9si Alap\u00edtv\u00e1ny<br \/>\n<\/strong>C\u00edm: 7100 Szeksz\u00e1rd, T\u00e1ncsics u. 3. Tel: 74\/312-333, 319-166, Fax: 74\/312-333 Honlap: http:\/\/www.tmvallkozp.hu E-mail: mail@tmvallkozp.hu<\/p>\n<p><strong>Vas Megye \u00e9s Szombathely V\u00e1ros Region\u00e1lis V\u00e1llalkoz\u00e1sfejleszt\u00e9si Alap\u00edtv\u00e1ny<br \/>\n<\/strong>C\u00edm: 9700 Szombathely, Pet\u00f5fi S. u. 1\/b. 9701 Szombathely, Pf.: 372 Tel\/fax: 94\/326-049, 326-050 E-mail: vas-lea@savaria.hu<\/p>\n<p><strong>Veszpr\u00e9m Megyei V\u00e1llalkoz\u00e1sfejleszt\u00e9si Alap\u00edtv\u00e1ny<br \/>\n<\/strong>C\u00edm: 8200 Veszpr\u00e9m, Komak\u00fat t\u00e9r 3. Tel: 88\/424-033, 424-044, 424-055 Fax: 88\/403-970 Honlap: http:\/\/www.veszprem-hvk.hu E-mail: info@veszprem-hvk.hu<\/p>\n<p><strong>Zala Megyei V\u00e1llalkoz\u00e1sfejleszt\u00e9si Alap\u00edtv\u00e1ny<br \/>\n<\/strong>C\u00edm: 8900 Zalaegerszeg, K\u00f6zt\u00e1rsas\u00e1g u. 17. 8901 Zalaegerszeg, Pf.: 116 Tel: 92\/316-033 Fax: 92\/316-062, 310-800 Honlap: http:\/\/www.zalaszam.hu E-mail: info_zmva@zalaszam.hu<\/p>\n","protected":false},"excerpt":{"rendered":"<p>A Helyi V\u00e1llalkoz\u00f3i K\u00f6zpontok H\u00e1l\u00f3zataHelyi V\u00e1llalkoz\u00f3i K\u00f6zpontok Magyar V\u00e1llalkoz\u00e1sfejleszt\u00e9si Alap\u00edtv\u00e1ny C\u00edm: 1115 Budapest, Bart\u00f3k B\u00e9la \u00fat 105-113 Tel: 481-4600 Fax: 481-4601 Honlap: http:\/\/www.mva.hu E-mail: info@mva.hu Alap\u00edtv\u00e1ny a Vid\u00e9k Kis &#8211; \u00e9s K\u00f6z\u00e9pv\u00e1llalkoz\u00e1sainak Fejleszt\u00e9s\u00e9\u00e9rt (Baranya megye) C\u00edm: 7600 P\u00e9cs, Fels\u00f5malom u. 13. Tel: 72\/214-050, 311-685 Fax: 72\/210-849 E-mail: bmvk@axelero.hu B\u00e1cs &#8211; \u2026 <a class=\"continue-reading-link\" href=\"https:\/\/www.jnszvfa.hu\/?page_id=35\"> Continue reading <span class=\"meta-nav\">&rarr; <\/span><\/a><\/p>\n","protected":false},"author":1,"featured_media":0,"parent":15,"menu_order":1,"comment_status":"closed","ping_status":"closed","template":"","meta":{"footnotes":""},"class_list":["post-35","page","type-page","status-publish","hentry"],"_links":{"self":[{"href":"https:\/\/www.jnszvfa.hu\/index.php?rest_route=\/wp\/v2\/pages\/35","targetHints":{"allow":["GET"]}}],"collection":[{"href":"https:\/\/www.jnszvfa.hu\/index.php?rest_route=\/wp\/v2\/pages"}],"about":[{"href":"https:\/\/www.jnszvfa.hu\/index.php?rest_route=\/wp\/v2\/types\/page"}],"author":[{"embeddable":true,"href":"https:\/\/www.jnszvfa.hu\/index.php?rest_route=\/wp\/v2\/users\/1"}],"replies":[{"embeddable":true,"href":"https:\/\/www.jnszvfa.hu\/index.php?rest_route=%2Fwp%2Fv2%2Fcomments&post=35"}],"version-history":[{"count":4,"href":"https:\/\/www.jnszvfa.hu\/index.php?rest_route=\/wp\/v2\/pages\/35\/revisions"}],"predecessor-version":[{"id":104,"href":"https:\/\/www.jnszvfa.hu\/index.php?rest_route=\/wp\/v2\/pages\/35\/revisions\/104"}],"up":[{"embeddable":true,"href":"https:\/\/www.jnszvfa.hu\/index.php?rest_route=\/wp\/v2\/pages\/15"}],"wp:attachment":[{"href":"https:\/\/www.jnszvfa.hu\/index.php?rest_route=%2Fwp%2Fv2%2Fmedia&parent=35"}],"curies":[{"name":"wp","href":"https:\/\/api.w.org\/{rel}","templated":true}]}}