{"id":346,"date":"2022-06-13T13:32:02","date_gmt":"2022-06-13T13:32:02","guid":{"rendered":"https:\/\/www.jnszvfa.hu\/?page_id=346"},"modified":"2022-06-13T13:36:21","modified_gmt":"2022-06-13T13:36:21","slug":"2021-2","status":"publish","type":"page","link":"https:\/\/www.jnszvfa.hu\/?page_id=346","title":{"rendered":"2021"},"content":{"rendered":"\n<p><a href=\"https:\/\/www.jnszvfa.hu\/wp-content\/uploads\/2022\/06\/2021_evi_egyszerusitett_eves_beszamolo.pdf\">2021 \u00e9vi egyszer\u0171s\u00edtett besz\u00e1mol\u00f3<\/a><\/p>\n<p><a href=\"https:\/\/www.jnszvfa.hu\/wp-content\/uploads\/2022\/06\/2021_evi_kiegeszito_melleklet.pdf\">2021 \u00e9vi kieg\u00e9sz\u00edt\u0151 mell\u00e9klet<\/a><\/p>\n<p><a href=\"https:\/\/www.jnszvfa.hu\/wp-content\/uploads\/2022\/06\/2021_evi_beszamolo.pdf\">2021 \u00e9vi besz\u00e1mol\u00f3<\/a><\/p>\n","protected":false},"excerpt":{"rendered":"<p>2021 \u00e9vi egyszer\u0171s\u00edtett besz\u00e1mol\u00f3 2021 \u00e9vi kieg\u00e9sz\u00edt\u0151 mell\u00e9klet 2021 \u00e9vi besz\u00e1mol\u00f3<\/p>\n","protected":false},"author":1,"featured_media":0,"parent":21,"menu_order":13,"comment_status":"closed","ping_status":"closed","template":"","meta":{"footnotes":""},"class_list":["post-346","page","type-page","status-publish","hentry"],"_links":{"self":[{"href":"https:\/\/www.jnszvfa.hu\/index.php?rest_route=\/wp\/v2\/pages\/346","targetHints":{"allow":["GET"]}}],"collection":[{"href":"https:\/\/www.jnszvfa.hu\/index.php?rest_route=\/wp\/v2\/pages"}],"about":[{"href":"https:\/\/www.jnszvfa.hu\/index.php?rest_route=\/wp\/v2\/types\/page"}],"author":[{"embeddable":true,"href":"https:\/\/www.jnszvfa.hu\/index.php?rest_route=\/wp\/v2\/users\/1"}],"replies":[{"embeddable":true,"href":"https:\/\/www.jnszvfa.hu\/index.php?rest_route=%2Fwp%2Fv2%2Fcomments&post=346"}],"version-history":[{"count":3,"href":"https:\/\/www.jnszvfa.hu\/index.php?rest_route=\/wp\/v2\/pages\/346\/revisions"}],"predecessor-version":[{"id":353,"href":"https:\/\/www.jnszvfa.hu\/index.php?rest_route=\/wp\/v2\/pages\/346\/revisions\/353"}],"up":[{"embeddable":true,"href":"https:\/\/www.jnszvfa.hu\/index.php?rest_route=\/wp\/v2\/pages\/21"}],"wp:attachment":[{"href":"https:\/\/www.jnszvfa.hu\/index.php?rest_route=%2Fwp%2Fv2%2Fmedia&parent=346"}],"curies":[{"name":"wp","href":"https:\/\/api.w.org\/{rel}","templated":true}]}}