{"id":33,"date":"2016-07-13T11:00:17","date_gmt":"2016-07-13T11:00:17","guid":{"rendered":"http:\/\/phproject.hu\/?page_id=33"},"modified":"2016-07-16T15:12:17","modified_gmt":"2016-07-16T15:12:17","slug":"hasznos-linkek","status":"publish","type":"page","link":"https:\/\/www.jnszvfa.hu\/?page_id=33","title":{"rendered":"Hasznos linkek"},"content":{"rendered":"<hr \/>\n<p><strong>J\u00e1sz-Nagykun-Szolnok Megyei Munka\u00fcgyi K\u00f6zpont<\/strong><\/p>\n<p><a href=\"http:\/\/www.mmkszolnok.hu\" target=\"_blank\">www.mmkszolnok.hu<\/a><\/p>\n<p><strong>Magyar Mikrofinansz\u00edroz\u00e1si H\u00e1l\u00f3zat<\/strong><\/p>\n<p><a href=\"http:\/\/www.hungarian-microfinance.org.hu\" target=\"_blank\">www.hungarian-microfinance.org.hu<\/a><\/p>\n<p><strong>A Miniszt\u00e9riumok a Korm\u00e1nyzati Port\u00e1lon \u00e9rhet\u0151k el, a r\u00e9gi oldalak nem friss\u00fclnek!<\/strong><\/p>\n<p><a href=\"http:\/\/www.kormany.hu\/hu\" target=\"_blank\">www.kormany.hu\/hu<\/a><\/p>\n<p><strong>P\u00e1ly\u00e1zati inform\u00e1ci\u00f3k<\/strong><\/p>\n<p><a href=\"http:\/\/palyazat.gov.hu\/\" target=\"_blank\">palyazat.gov.hu<\/a><br \/>\n<a href=\"http:\/\/gazdasagfejlesztes.gov.hu\" target=\"_blank\">gazdasagfejlesztes.gov.hu<\/a><\/p>\n","protected":false},"excerpt":{"rendered":"<p>J\u00e1sz-Nagykun-Szolnok Megyei Munka\u00fcgyi K\u00f6zpont www.mmkszolnok.hu Magyar Mikrofinansz\u00edroz\u00e1si H\u00e1l\u00f3zat www.hungarian-microfinance.org.hu A Miniszt\u00e9riumok a Korm\u00e1nyzati Port\u00e1lon \u00e9rhet\u0151k el, a r\u00e9gi oldalak nem friss\u00fclnek! www.kormany.hu\/hu P\u00e1ly\u00e1zati inform\u00e1ci\u00f3k palyazat.gov.hu gazdasagfejlesztes.gov.hu<\/p>\n","protected":false},"author":1,"featured_media":0,"parent":13,"menu_order":5,"comment_status":"closed","ping_status":"closed","template":"","meta":{"footnotes":""},"class_list":["post-33","page","type-page","status-publish","hentry"],"_links":{"self":[{"href":"https:\/\/www.jnszvfa.hu\/index.php?rest_route=\/wp\/v2\/pages\/33","targetHints":{"allow":["GET"]}}],"collection":[{"href":"https:\/\/www.jnszvfa.hu\/index.php?rest_route=\/wp\/v2\/pages"}],"about":[{"href":"https:\/\/www.jnszvfa.hu\/index.php?rest_route=\/wp\/v2\/types\/page"}],"author":[{"embeddable":true,"href":"https:\/\/www.jnszvfa.hu\/index.php?rest_route=\/wp\/v2\/users\/1"}],"replies":[{"embeddable":true,"href":"https:\/\/www.jnszvfa.hu\/index.php?rest_route=%2Fwp%2Fv2%2Fcomments&post=33"}],"version-history":[{"count":3,"href":"https:\/\/www.jnszvfa.hu\/index.php?rest_route=\/wp\/v2\/pages\/33\/revisions"}],"predecessor-version":[{"id":102,"href":"https:\/\/www.jnszvfa.hu\/index.php?rest_route=\/wp\/v2\/pages\/33\/revisions\/102"}],"up":[{"embeddable":true,"href":"https:\/\/www.jnszvfa.hu\/index.php?rest_route=\/wp\/v2\/pages\/13"}],"wp:attachment":[{"href":"https:\/\/www.jnszvfa.hu\/index.php?rest_route=%2Fwp%2Fv2%2Fmedia&parent=33"}],"curies":[{"name":"wp","href":"https:\/\/api.w.org\/{rel}","templated":true}]}}