{"id":284,"date":"2021-06-02T09:38:34","date_gmt":"2021-06-02T09:38:34","guid":{"rendered":"https:\/\/www.jnszvfa.hu\/?page_id=284"},"modified":"2021-06-02T09:38:34","modified_gmt":"2021-06-02T09:38:34","slug":"2020-2","status":"publish","type":"page","link":"https:\/\/www.jnszvfa.hu\/?page_id=284","title":{"rendered":"2020"},"content":{"rendered":"\n<p><a href=\"https:\/\/www.jnszvfa.hu\/wp-content\/uploads\/2021\/06\/VFA_2020_evi_egyszerusitett_eves_beszamolo.pdf\">2020 \u00e9vi egyszer\u0171s\u00edtett besz\u00e1mol\u00f3<\/a><\/p>\n<p><a href=\"https:\/\/www.jnszvfa.hu\/wp-content\/uploads\/2021\/06\/VFA_2020_evi_egysz_eves-beszamolo_kiegeszito_melleklet.pdf\">2020 \u00e9vi kieg\u00e9sz\u00edt\u0151 mell\u00e9klet<\/a><\/p>\n<p><a href=\"https:\/\/www.jnszvfa.hu\/wp-content\/uploads\/2021\/06\/VFA_Beszamolo_2020_evi_tevekenysegrol.pdf\">2020 \u00e9vi besz\u00e1mol\u00f3<\/a><\/p>\n","protected":false},"excerpt":{"rendered":"<p>2020 \u00e9vi egyszer\u0171s\u00edtett besz\u00e1mol\u00f3 2020 \u00e9vi kieg\u00e9sz\u00edt\u0151 mell\u00e9klet 2020 \u00e9vi besz\u00e1mol\u00f3<\/p>\n","protected":false},"author":1,"featured_media":0,"parent":21,"menu_order":12,"comment_status":"closed","ping_status":"closed","template":"","meta":{"footnotes":""},"class_list":["post-284","page","type-page","status-publish","hentry"],"_links":{"self":[{"href":"https:\/\/www.jnszvfa.hu\/index.php?rest_route=\/wp\/v2\/pages\/284","targetHints":{"allow":["GET"]}}],"collection":[{"href":"https:\/\/www.jnszvfa.hu\/index.php?rest_route=\/wp\/v2\/pages"}],"about":[{"href":"https:\/\/www.jnszvfa.hu\/index.php?rest_route=\/wp\/v2\/types\/page"}],"author":[{"embeddable":true,"href":"https:\/\/www.jnszvfa.hu\/index.php?rest_route=\/wp\/v2\/users\/1"}],"replies":[{"embeddable":true,"href":"https:\/\/www.jnszvfa.hu\/index.php?rest_route=%2Fwp%2Fv2%2Fcomments&post=284"}],"version-history":[{"count":2,"href":"https:\/\/www.jnszvfa.hu\/index.php?rest_route=\/wp\/v2\/pages\/284\/revisions"}],"predecessor-version":[{"id":289,"href":"https:\/\/www.jnszvfa.hu\/index.php?rest_route=\/wp\/v2\/pages\/284\/revisions\/289"}],"up":[{"embeddable":true,"href":"https:\/\/www.jnszvfa.hu\/index.php?rest_route=\/wp\/v2\/pages\/21"}],"wp:attachment":[{"href":"https:\/\/www.jnszvfa.hu\/index.php?rest_route=%2Fwp%2Fv2%2Fmedia&parent=284"}],"curies":[{"name":"wp","href":"https:\/\/api.w.org\/{rel}","templated":true}]}}