{"id":26,"date":"2016-07-13T10:56:13","date_gmt":"2016-07-13T10:56:13","guid":{"rendered":"http:\/\/phproject.hu\/?page_id=26"},"modified":"2022-10-12T09:40:57","modified_gmt":"2022-10-12T09:40:57","slug":"kuratorium","status":"publish","type":"page","link":"https:\/\/www.jnszvfa.hu\/?page_id=26","title":{"rendered":"Kurat\u00f3rium"},"content":{"rendered":"<hr \/>\n<p><strong>Kurat\u00f3rium Eln\u00f6ke:<\/strong><\/p>\n<p>Horv\u00e1th P\u00e9ter<\/p>\n<p><strong>Kurat\u00f3rium T\u00e1rseln\u00f6ke:<\/strong><\/p>\n<p>Szab\u00f3 Istv\u00e1n<\/p>\n<p><strong>Kurat\u00f3riumi Tagok:<\/strong><\/p>\n<p>Csat\u00e1ri Istv\u00e1n<\/p>\n<p>Hegmann Gy\u00f6rgy<\/p>\n","protected":false},"excerpt":{"rendered":"<p>Kurat\u00f3rium Eln\u00f6ke: Horv\u00e1th P\u00e9ter Kurat\u00f3rium T\u00e1rseln\u00f6ke: Szab\u00f3 Istv\u00e1n Kurat\u00f3riumi Tagok: Csat\u00e1ri Istv\u00e1n Hegmann Gy\u00f6rgy<\/p>\n","protected":false},"author":1,"featured_media":0,"parent":13,"menu_order":2,"comment_status":"closed","ping_status":"closed","template":"","meta":{"footnotes":""},"class_list":["post-26","page","type-page","status-publish","hentry"],"_links":{"self":[{"href":"https:\/\/www.jnszvfa.hu\/index.php?rest_route=\/wp\/v2\/pages\/26","targetHints":{"allow":["GET"]}}],"collection":[{"href":"https:\/\/www.jnszvfa.hu\/index.php?rest_route=\/wp\/v2\/pages"}],"about":[{"href":"https:\/\/www.jnszvfa.hu\/index.php?rest_route=\/wp\/v2\/types\/page"}],"author":[{"embeddable":true,"href":"https:\/\/www.jnszvfa.hu\/index.php?rest_route=\/wp\/v2\/users\/1"}],"replies":[{"embeddable":true,"href":"https:\/\/www.jnszvfa.hu\/index.php?rest_route=%2Fwp%2Fv2%2Fcomments&post=26"}],"version-history":[{"count":6,"href":"https:\/\/www.jnszvfa.hu\/index.php?rest_route=\/wp\/v2\/pages\/26\/revisions"}],"predecessor-version":[{"id":362,"href":"https:\/\/www.jnszvfa.hu\/index.php?rest_route=\/wp\/v2\/pages\/26\/revisions\/362"}],"up":[{"embeddable":true,"href":"https:\/\/www.jnszvfa.hu\/index.php?rest_route=\/wp\/v2\/pages\/13"}],"wp:attachment":[{"href":"https:\/\/www.jnszvfa.hu\/index.php?rest_route=%2Fwp%2Fv2%2Fmedia&parent=26"}],"curies":[{"name":"wp","href":"https:\/\/api.w.org\/{rel}","templated":true}]}}