{"id":250,"date":"2020-06-12T09:09:44","date_gmt":"2020-06-12T09:09:44","guid":{"rendered":"https:\/\/www.jnszvfa.hu\/?page_id=250"},"modified":"2020-06-12T09:09:44","modified_gmt":"2020-06-12T09:09:44","slug":"2019-2","status":"publish","type":"page","link":"https:\/\/www.jnszvfa.hu\/?page_id=250","title":{"rendered":"2019"},"content":{"rendered":"\n<p><a href=\"https:\/\/www.jnszvfa.hu\/wp-content\/uploads\/2020\/06\/JNSZM_VFA_2019_egyszerusitett_eves_beszamolo.pdf\">2019 \u00e9vi egyszer\u0171s\u00edtett besz\u00e1mol\u00f3<\/a><\/p>\n<p><a href=\"https:\/\/www.jnszvfa.hu\/wp-content\/uploads\/2020\/06\/JNSZM_VFA_kieg_melleklet_2019dec31.pdf\">2019 \u00e9vi kieg\u00e9sz\u00edt\u0151 mell\u00e9klet<\/a><\/p>\n<p>2019 \u00e9vi besz\u00e1mol\u00f3<\/p>\n","protected":false},"excerpt":{"rendered":"<p>2019 \u00e9vi egyszer\u0171s\u00edtett besz\u00e1mol\u00f3 2019 \u00e9vi kieg\u00e9sz\u00edt\u0151 mell\u00e9klet 2019 \u00e9vi besz\u00e1mol\u00f3<\/p>\n","protected":false},"author":1,"featured_media":0,"parent":21,"menu_order":11,"comment_status":"closed","ping_status":"closed","template":"","meta":{"footnotes":""},"class_list":["post-250","page","type-page","status-publish","hentry"],"_links":{"self":[{"href":"https:\/\/www.jnszvfa.hu\/index.php?rest_route=\/wp\/v2\/pages\/250","targetHints":{"allow":["GET"]}}],"collection":[{"href":"https:\/\/www.jnszvfa.hu\/index.php?rest_route=\/wp\/v2\/pages"}],"about":[{"href":"https:\/\/www.jnszvfa.hu\/index.php?rest_route=\/wp\/v2\/types\/page"}],"author":[{"embeddable":true,"href":"https:\/\/www.jnszvfa.hu\/index.php?rest_route=\/wp\/v2\/users\/1"}],"replies":[{"embeddable":true,"href":"https:\/\/www.jnszvfa.hu\/index.php?rest_route=%2Fwp%2Fv2%2Fcomments&post=250"}],"version-history":[{"count":3,"href":"https:\/\/www.jnszvfa.hu\/index.php?rest_route=\/wp\/v2\/pages\/250\/revisions"}],"predecessor-version":[{"id":256,"href":"https:\/\/www.jnszvfa.hu\/index.php?rest_route=\/wp\/v2\/pages\/250\/revisions\/256"}],"up":[{"embeddable":true,"href":"https:\/\/www.jnszvfa.hu\/index.php?rest_route=\/wp\/v2\/pages\/21"}],"wp:attachment":[{"href":"https:\/\/www.jnszvfa.hu\/index.php?rest_route=%2Fwp%2Fv2%2Fmedia&parent=250"}],"curies":[{"name":"wp","href":"https:\/\/api.w.org\/{rel}","templated":true}]}}