{"id":21,"date":"2016-07-13T10:50:40","date_gmt":"2016-07-13T10:50:40","guid":{"rendered":"http:\/\/phproject.hu\/?page_id=21"},"modified":"2017-05-26T08:03:06","modified_gmt":"2017-05-26T08:03:06","slug":"beszamolok","status":"publish","type":"page","link":"https:\/\/www.jnszvfa.hu\/?page_id=21","title":{"rendered":"Besz\u00e1mol\u00f3k"},"content":{"rendered":"<p>2010<\/p>\n<p><a href=\"https:\/\/www.jnszvfa.hu\/wp-content\/uploads\/2016\/07\/VFA_2010_egysz_eves_beszamolo.pdf\">2010 \u00e9vi egyszer\u0171s\u00edtett besz\u00e1mol\u00f3<\/a><\/p>\n<p><a href=\"https:\/\/www.jnszvfa.hu\/wp-content\/uploads\/2016\/07\/VFA_2010_evi_beszamolo.pdf\">2010 \u00e9vi besz\u00e1mol\u00f3<\/a><\/p>\n<p><a href=\"https:\/\/www.jnszvfa.hu\/wp-content\/uploads\/2016\/07\/VFA_2010_kiegeszito_melleklet.pdf\">2010 \u00e9vi kieg\u00e9sz\u00edt\u0151 mell\u00e9klet<\/a><\/p>\n","protected":false},"excerpt":{"rendered":"<p>2010 2010 \u00e9vi egyszer\u0171s\u00edtett besz\u00e1mol\u00f3 2010 \u00e9vi besz\u00e1mol\u00f3 2010 \u00e9vi kieg\u00e9sz\u00edt\u0151 mell\u00e9klet<\/p>\n","protected":false},"author":1,"featured_media":0,"parent":0,"menu_order":5,"comment_status":"closed","ping_status":"closed","template":"","meta":{"footnotes":""},"class_list":["post-21","page","type-page","status-publish","hentry"],"_links":{"self":[{"href":"https:\/\/www.jnszvfa.hu\/index.php?rest_route=\/wp\/v2\/pages\/21","targetHints":{"allow":["GET"]}}],"collection":[{"href":"https:\/\/www.jnszvfa.hu\/index.php?rest_route=\/wp\/v2\/pages"}],"about":[{"href":"https:\/\/www.jnszvfa.hu\/index.php?rest_route=\/wp\/v2\/types\/page"}],"author":[{"embeddable":true,"href":"https:\/\/www.jnszvfa.hu\/index.php?rest_route=\/wp\/v2\/users\/1"}],"replies":[{"embeddable":true,"href":"https:\/\/www.jnszvfa.hu\/index.php?rest_route=%2Fwp%2Fv2%2Fcomments&post=21"}],"version-history":[{"count":4,"href":"https:\/\/www.jnszvfa.hu\/index.php?rest_route=\/wp\/v2\/pages\/21\/revisions"}],"predecessor-version":[{"id":374,"href":"https:\/\/www.jnszvfa.hu\/index.php?rest_route=\/wp\/v2\/pages\/21\/revisions\/374"}],"wp:attachment":[{"href":"https:\/\/www.jnszvfa.hu\/index.php?rest_route=%2Fwp%2Fv2%2Fmedia&parent=21"}],"curies":[{"name":"wp","href":"https:\/\/api.w.org\/{rel}","templated":true}]}}