{"id":193,"date":"2018-07-13T08:16:43","date_gmt":"2018-07-13T08:16:43","guid":{"rendered":"https:\/\/www.jnszvfa.hu\/?page_id=193"},"modified":"2022-06-13T13:40:39","modified_gmt":"2022-06-13T13:40:39","slug":"alapito-okiratok","status":"publish","type":"page","link":"https:\/\/www.jnszvfa.hu\/?page_id=193","title":{"rendered":"Alap\u00edt\u00f3 okirat"},"content":{"rendered":"<p><a href=\"https:\/\/www.jnszvfa.hu\/wp-content\/uploads\/2022\/06\/JNSZM_VFA_Alapito_Okirat_2022_januar_19.pdf\">JNSZM VFA Alap\u00edt\u00f3 okirat 2022 janu\u00e1r 19.<\/a><\/p>\n<p><a href=\"https:\/\/www.jnszvfa.hu\/wp-content\/uploads\/2022\/06\/JNSZM_VFA_Szolnoki_Torvenyszek_vegzes_2022_marcius_03.pdf\">JNSZM VFA Szolnoki T\u00f6rv\u00e9nysz\u00e9k v\u00e9gz\u00e9s 2022 m\u00e1rcius 03.<\/a><\/p>\n<p><a href=\"https:\/\/www.jnszvfa.hu\/wp-content\/uploads\/2022\/06\/JNSZM_VFA_Szolnoki_Torvenyszek_Kivonat_2022_majus_16.pdf\">JNSZM VFA Szolnoki T\u00f6rv\u00e9nysz\u00e9k kivonat 2022 m\u00e1jus 16.<\/a><\/p>\n<p>\u00a0<\/p>\n\n","protected":false},"excerpt":{"rendered":"<p>JNSZM VFA Alap\u00edt\u00f3 okirat 2022 janu\u00e1r 19. JNSZM VFA Szolnoki T\u00f6rv\u00e9nysz\u00e9k v\u00e9gz\u00e9s 2022 m\u00e1rcius 03. JNSZM VFA Szolnoki T\u00f6rv\u00e9nysz\u00e9k kivonat 2022 m\u00e1jus 16. \u00a0<\/p>\n","protected":false},"author":1,"featured_media":0,"parent":21,"menu_order":0,"comment_status":"closed","ping_status":"closed","template":"","meta":{"footnotes":""},"class_list":["post-193","page","type-page","status-publish","hentry"],"_links":{"self":[{"href":"https:\/\/www.jnszvfa.hu\/index.php?rest_route=\/wp\/v2\/pages\/193","targetHints":{"allow":["GET"]}}],"collection":[{"href":"https:\/\/www.jnszvfa.hu\/index.php?rest_route=\/wp\/v2\/pages"}],"about":[{"href":"https:\/\/www.jnszvfa.hu\/index.php?rest_route=\/wp\/v2\/types\/page"}],"author":[{"embeddable":true,"href":"https:\/\/www.jnszvfa.hu\/index.php?rest_route=\/wp\/v2\/users\/1"}],"replies":[{"embeddable":true,"href":"https:\/\/www.jnszvfa.hu\/index.php?rest_route=%2Fwp%2Fv2%2Fcomments&post=193"}],"version-history":[{"count":8,"href":"https:\/\/www.jnszvfa.hu\/index.php?rest_route=\/wp\/v2\/pages\/193\/revisions"}],"predecessor-version":[{"id":358,"href":"https:\/\/www.jnszvfa.hu\/index.php?rest_route=\/wp\/v2\/pages\/193\/revisions\/358"}],"up":[{"embeddable":true,"href":"https:\/\/www.jnszvfa.hu\/index.php?rest_route=\/wp\/v2\/pages\/21"}],"wp:attachment":[{"href":"https:\/\/www.jnszvfa.hu\/index.php?rest_route=%2Fwp%2Fv2%2Fmedia&parent=193"}],"curies":[{"name":"wp","href":"https:\/\/api.w.org\/{rel}","templated":true}]}}