{"id":166,"date":"2017-06-30T07:37:53","date_gmt":"2017-06-30T07:37:53","guid":{"rendered":"https:\/\/www.jnszvfa.hu\/?page_id=166"},"modified":"2020-09-23T07:05:03","modified_gmt":"2020-09-23T07:05:03","slug":"palyazati-felhivas","status":"publish","type":"page","link":"https:\/\/www.jnszvfa.hu\/?page_id=166","title":{"rendered":"P\u00e1ly\u00e1zatok"},"content":{"rendered":"\n<p style=\"text-align: center;\"><strong>\u00a0Jelenleg nincs fut\u00f3 p\u00e1ly\u00e1zatunk<\/strong><\/p>\n","protected":false},"excerpt":{"rendered":"<p>\u00a0Jelenleg nincs fut\u00f3 p\u00e1ly\u00e1zatunk<\/p>\n","protected":false},"author":1,"featured_media":0,"parent":0,"menu_order":7,"comment_status":"closed","ping_status":"closed","template":"","meta":{"footnotes":""},"class_list":["post-166","page","type-page","status-publish","hentry"],"_links":{"self":[{"href":"https:\/\/www.jnszvfa.hu\/index.php?rest_route=\/wp\/v2\/pages\/166","targetHints":{"allow":["GET"]}}],"collection":[{"href":"https:\/\/www.jnszvfa.hu\/index.php?rest_route=\/wp\/v2\/pages"}],"about":[{"href":"https:\/\/www.jnszvfa.hu\/index.php?rest_route=\/wp\/v2\/types\/page"}],"author":[{"embeddable":true,"href":"https:\/\/www.jnszvfa.hu\/index.php?rest_route=\/wp\/v2\/users\/1"}],"replies":[{"embeddable":true,"href":"https:\/\/www.jnszvfa.hu\/index.php?rest_route=%2Fwp%2Fv2%2Fcomments&post=166"}],"version-history":[{"count":10,"href":"https:\/\/www.jnszvfa.hu\/index.php?rest_route=\/wp\/v2\/pages\/166\/revisions"}],"predecessor-version":[{"id":275,"href":"https:\/\/www.jnszvfa.hu\/index.php?rest_route=\/wp\/v2\/pages\/166\/revisions\/275"}],"wp:attachment":[{"href":"https:\/\/www.jnszvfa.hu\/index.php?rest_route=%2Fwp%2Fv2%2Fmedia&parent=166"}],"curies":[{"name":"wp","href":"https:\/\/api.w.org\/{rel}","templated":true}]}}