{"id":154,"date":"2017-05-19T11:11:11","date_gmt":"2017-05-19T11:11:11","guid":{"rendered":"https:\/\/www.jnszvfa.hu\/?page_id=154"},"modified":"2017-05-19T11:11:11","modified_gmt":"2017-05-19T11:11:11","slug":"mva","status":"publish","type":"page","link":"https:\/\/www.jnszvfa.hu\/?page_id=154","title":{"rendered":"MVA"},"content":{"rendered":"<p><strong>Tisztelt Partner\u00fcnk!<\/strong><\/p>\n<p>Szeretne r\u00f6vid t\u00e1j\u00e9koztat\u00e1st kapni a Mikrohitel ig\u00e9nybev\u00e9tel\u00e9nek lehet\u0151s\u00e9g\u00e9r\u0151l, a legink\u00e1bb illet\u00e9kes szervezett\u0151l \u00e9s szem\u00e9lyekt\u0151l? \u00c9rdeklik az olyan \u00faj lehet\u0151s\u00e9gek, mint a Fiatalok V\u00e1llalkoz\u00f3v\u00e1 V\u00e1l\u00e1s\u00e1nak T\u00e1mogat\u00e1sa? Sz\u00edvesen b\u0151v\u00edten\u00e9 \u00fczletk\u00f6r\u00e9t eddig ismeretlen vagy \u00fajonnan indul\u00f3, t\u00e9rs\u00e9gbeli v\u00e1llalkoz\u00e1sokkal? Mindezt egy helyen, k\u00f6nnyen el\u00e9rhet\u0151 t\u00e1vols\u00e1gban?<\/p>\n<p>A Magyar V\u00e1llalkoz\u00e1sfejleszt\u00e9si Alap\u00edtv\u00e1ny (MVA) \u2013 egy\u00fcttm\u0171k\u00f6d\u00e9sben a t\u00e9rs\u00e9gi v\u00e1llalkoz\u00e1sfejleszt\u00e9si szervezetekkel \u2013 j\u00e1r\u00e1si rendezv\u00e9nysorozatot szervez a Seg\u00edt\u00fcnk Ind\u00edtani! programja keret\u00e9ben, melynek sor\u00e1n szem\u00e9lyes t\u00e1j\u00e9koztat\u00e1st ny\u00fajt a Mikrohitel ig\u00e9nyl\u00e9s\u00e9nek lehet\u0151s\u00e9g\u00e9r\u0151l \u00e9s a fiatalok v\u00e1llalkoz\u00e1sind\u00edt\u00e1si t\u00e1mogat\u00e1s\u00e1r\u00f3l. A rendezv\u00e9nyek a t\u00f6bb \u00e9rdekl\u0151d\u0151 \u00e1ltal megjel\u00f6lt j\u00e1r\u00e1si k\u00f6zpontokban indulnak a k\u00f6vetkez\u0151 hetekben.<\/p>\n<p>K\u00e9rj\u00fck, jelezze miel\u0151bb r\u00e9szv\u00e9teli sz\u00e1nd\u00e9k\u00e1t \u00e9s a v\u00e1lasztott helysz\u00ednt az al\u00e1bbi fel\u00fcleteken:<\/p>\n<p>\u00e9rdekl\u0151d\u00f6m a rendezv\u00e9ny ir\u00e1nt &#8211; legmegfelel\u0151bb telep\u00fcl\u00e9sek megjel\u00f6l\u00e9se &#8211; \u00c9MR<\/p>\n<p>\u00e9rdekl\u0151d\u00f6m a rendezv\u00e9ny ir\u00e1nt &#8211; legmegfelel\u0151bb telep\u00fcl\u00e9sek megjel\u00f6l\u00e9se &#8211; NYDR<\/p>\n<p>Amennyiben felkeltett\u00fck \u00e9rdekl\u0151d\u00e9s\u00e9t, javasoljuk, m\u00e1s v\u00e1llalkoz\u00f3t\u00e1rs\u00e1t, esetleg v\u00e1llalkozni v\u00e1gy\u00f3 fiatalt is \u00e9rtes\u00edtsen a lehet\u0151s\u00e9gr\u0151l, t\u00e1j\u00e9koztat\u00f3nk tov\u00e1bbk\u00fcld\u00e9s\u00e9vel!<\/p>\n<p>Az MVA a Seg\u00edt\u00fcnk Ind\u00edtani! program \u00e1ltal t\u00f6bb sz\u00e1z fiatalnak seg\u00edt v\u00e1llalkoz\u00f3v\u00e1 v\u00e1lni k\u00e9pz\u00e9ssel, \u00fczleti tervez\u00e9si tan\u00e1csad\u00e1ssal, t\u00e1mogat\u00f3 mentor\u00e1l\u00e1ssal \u00e9s az indul\u00f3t\u0151k\u00e9t biztos\u00edt\u00f3 3 milli\u00f3 Ft t\u00e1mogat\u00e1s el\u00e9rhet\u0151v\u00e9 t\u00e9tel\u00e9vel. M\u00e9g vannak helyek az indul\u00f3 k\u00e9pz\u00e9sekre, amellyel mindaz elsaj\u00e1t\u00edthat\u00f3, ami egy v\u00e1llalkoz\u00e1s sikeres m\u0171k\u00f6dtet\u00e9s\u00e9hez sz\u00fcks\u00e9ges. Olyan k\u00e9pz\u00e9st \u00e9s szolg\u00e1ltat\u00e1sokat kaphatnak a fiatalok, amelyek\u00e9rt m\u00e1s, fejl\u0151dni sz\u00e1nd\u00e9koz\u00f3 \u00fczletemberek s\u00falyos sz\u00e1zezreket fizetnek. Csak az illet\u0151 elk\u00f6telezetts\u00e9g\u00e9re \u00e9s j\u00f3 v\u00e1llalkoz\u00e1si \u00f6tletre van sz\u00fcks\u00e9g.<\/p>\n<p>A programr\u00f3l tov\u00e1bbi inform\u00e1ci\u00f3 a fiatalok sz\u00e1m\u00e1ra:<\/p>\n<p>Nyugat-Dun\u00e1nt\u00fali R\u00e9gi\u00f3: <a href=\"http:\/\/www.nyugatdunantul.mva.hu\/?ct=t%28151217%29&amp;mc_cid=f2a966febf&amp;mc_eid=7294ff1d70\">www.nyugatdunantul.mva.hu<\/a><\/p>\n<p>\u00c9szak-Magyarorsz\u00e1gi R\u00e9gi\u00f3: <a href=\"http:\/\/www.eszakmagyar.mva.hu\/?ct=t%28151217%29&amp;mc_cid=f2a966febf&amp;mc_eid=7294ff1d70\">www.eszakmagyar.mva.hu<\/a><\/p>\n<p>K\u00f6sz\u00f6nettel:<br \/>\nMagyar V\u00e1llalkoz\u00e1sfejleszt\u00e9si Alap\u00edtv\u00e1ny<\/p>\n","protected":false},"excerpt":{"rendered":"<p>Tisztelt Partner\u00fcnk! Szeretne r\u00f6vid t\u00e1j\u00e9koztat\u00e1st kapni a Mikrohitel ig\u00e9nybev\u00e9tel\u00e9nek lehet\u0151s\u00e9g\u00e9r\u0151l, a legink\u00e1bb illet\u00e9kes szervezett\u0151l \u00e9s szem\u00e9lyekt\u0151l? \u00c9rdeklik az olyan \u00faj lehet\u0151s\u00e9gek, mint a Fiatalok V\u00e1llalkoz\u00f3v\u00e1 V\u00e1l\u00e1s\u00e1nak T\u00e1mogat\u00e1sa? Sz\u00edvesen b\u0151v\u00edten\u00e9 \u00fczletk\u00f6r\u00e9t eddig ismeretlen vagy \u00fajonnan indul\u00f3, t\u00e9rs\u00e9gbeli v\u00e1llalkoz\u00e1sokkal? Mindezt egy helyen, k\u00f6nnyen el\u00e9rhet\u0151 t\u00e1vols\u00e1gban? A Magyar V\u00e1llalkoz\u00e1sfejleszt\u00e9si Alap\u00edtv\u00e1ny (MVA) \u2013 egy\u00fcttm\u0171k\u00f6d\u00e9sben \u2026 <a class=\"continue-reading-link\" href=\"https:\/\/www.jnszvfa.hu\/?page_id=154\"> Continue reading <span class=\"meta-nav\">&rarr; <\/span><\/a><\/p>\n","protected":false},"author":1,"featured_media":0,"parent":15,"menu_order":0,"comment_status":"closed","ping_status":"closed","template":"","meta":{"footnotes":""},"class_list":["post-154","page","type-page","status-publish","hentry"],"_links":{"self":[{"href":"https:\/\/www.jnszvfa.hu\/index.php?rest_route=\/wp\/v2\/pages\/154","targetHints":{"allow":["GET"]}}],"collection":[{"href":"https:\/\/www.jnszvfa.hu\/index.php?rest_route=\/wp\/v2\/pages"}],"about":[{"href":"https:\/\/www.jnszvfa.hu\/index.php?rest_route=\/wp\/v2\/types\/page"}],"author":[{"embeddable":true,"href":"https:\/\/www.jnszvfa.hu\/index.php?rest_route=\/wp\/v2\/users\/1"}],"replies":[{"embeddable":true,"href":"https:\/\/www.jnszvfa.hu\/index.php?rest_route=%2Fwp%2Fv2%2Fcomments&post=154"}],"version-history":[{"count":1,"href":"https:\/\/www.jnszvfa.hu\/index.php?rest_route=\/wp\/v2\/pages\/154\/revisions"}],"predecessor-version":[{"id":155,"href":"https:\/\/www.jnszvfa.hu\/index.php?rest_route=\/wp\/v2\/pages\/154\/revisions\/155"}],"up":[{"embeddable":true,"href":"https:\/\/www.jnszvfa.hu\/index.php?rest_route=\/wp\/v2\/pages\/15"}],"wp:attachment":[{"href":"https:\/\/www.jnszvfa.hu\/index.php?rest_route=%2Fwp%2Fv2%2Fmedia&parent=154"}],"curies":[{"name":"wp","href":"https:\/\/api.w.org\/{rel}","templated":true}]}}